{"id":1159,"date":"2022-02-04T12:44:00","date_gmt":"2022-02-04T11:44:00","guid":{"rendered":"https:\/\/lukasboehm.de\/produkt\/poster\/"},"modified":"2022-02-08T14:12:31","modified_gmt":"2022-02-08T13:12:31","slug":"poster","status":"publish","type":"product","link":"https:\/\/lukasboehm.de\/en\/product\/poster\/","title":{"rendered":"Poster HipHop matt"},"content":{"rendered":"<p>Poster auf strapazierf\u00e4higem, mattem Papier.<\/p>\n<p>\u2022 Papierst\u00e4rke: 0,26 mm<br \/>\n\u2022 Papiergewicht: 189 g\/m\u00b2<br \/>\n\u2022 Gicl\u00e9e-Druckqualit\u00e4t<br \/>\n\u2022 21 cm \u00d730 cm Posters haben die Gr\u00f6\u00dfe A4<\/p>","protected":false},"excerpt":{"rendered":"<p>Spread the word.<\/p>","protected":false},"featured_media":1169,"template":"","meta":{"_acf_changed":false,"_price":"15","_stock":null,"_tribe_ticket_header":"","_tribe_default_ticket_provider":"","_tribe_ticket_capacity":"0","_ticket_start_date":"","_ticket_end_date":"","_tribe_ticket_show_description":"","_tribe_ticket_show_not_going":false,"_tribe_ticket_use_global_stock":"","_tribe_ticket_global_stock_level":"","_global_stock_mode":"","_global_stock_cap":"","_tribe_rsvp_for_event":"","_tribe_ticket_going_count":"","_tribe_ticket_not_going_count":"","_tribe_tickets_list":"[]","_tribe_ticket_has_attendee_info_fields":false},"product_brand":[],"product_cat":[35,36],"product_tag":[],"class_list":{"0":"post-1159","1":"product","2":"type-product","3":"status-publish","4":"has-post-thumbnail","6":"product_cat-kunstdrucke","7":"product_cat-matt","9":"first","10":"instock","11":"shipping-taxable","12":"purchasable","13":"product-type-variable"},"acf":[],"yoast_head":"<!-- This site is optimized with the Yoast SEO plugin v27.3 - https:\/\/yoast.com\/product\/yoast-seo-wordpress\/ -->\n<title>Poster HipHop matt - Lukas B\u00f6hm<\/title>\n<meta name=\"robots\" content=\"index, follow, max-snippet:-1, max-image-preview:large, max-video-preview:-1\" \/>\n<link rel=\"canonical\" href=\"https:\/\/lukasboehm.de\/en\/product\/poster\/\" \/>\n<meta property=\"og:locale\" content=\"en_GB\" \/>\n<meta property=\"og:type\" content=\"article\" \/>\n<meta property=\"og:title\" content=\"Poster HipHop matt - Lukas B\u00f6hm\" \/>\n<meta property=\"og:description\" content=\"Spread the word.\" \/>\n<meta property=\"og:url\" content=\"https:\/\/lukasboehm.de\/en\/product\/poster\/\" \/>\n<meta property=\"og:site_name\" content=\"Lukas B\u00f6hm\" \/>\n<meta property=\"article:modified_time\" content=\"2022-02-08T13:12:31+00:00\" \/>\n<meta property=\"og:image\" content=\"https:\/\/lukasboehm.de\/wp-content\/uploads\/2022\/02\/enhanced-matte-paper-poster-cm-70x100-cm-front-61fd117808c33.jpg\" \/>\n\t<meta property=\"og:image:width\" content=\"1000\" \/>\n\t<meta property=\"og:image:height\" content=\"1000\" \/>\n\t<meta property=\"og:image:type\" content=\"image\/jpeg\" \/>\n<meta name=\"twitter:card\" content=\"summary_large_image\" \/>\n<script type=\"application\/ld+json\" class=\"yoast-schema-graph\">{\"@context\":\"https:\\\/\\\/schema.org\",\"@graph\":[{\"@type\":\"WebPage\",\"@id\":\"https:\\\/\\\/lukasboehm.de\\\/produkt\\\/poster\\\/\",\"url\":\"https:\\\/\\\/lukasboehm.de\\\/produkt\\\/poster\\\/\",\"name\":\"Poster HipHop matt - Lukas B\u00f6hm\",\"isPartOf\":{\"@id\":\"https:\\\/\\\/lukasboehm.de\\\/#website\"},\"primaryImageOfPage\":{\"@id\":\"https:\\\/\\\/lukasboehm.de\\\/produkt\\\/poster\\\/#primaryimage\"},\"image\":{\"@id\":\"https:\\\/\\\/lukasboehm.de\\\/produkt\\\/poster\\\/#primaryimage\"},\"thumbnailUrl\":\"https:\\\/\\\/lukasboehm.de\\\/wp-content\\\/uploads\\\/2022\\\/02\\\/enhanced-matte-paper-poster-cm-70x100-cm-front-61fd117808c33.jpg\",\"datePublished\":\"2022-02-04T11:44:00+00:00\",\"dateModified\":\"2022-02-08T13:12:31+00:00\",\"breadcrumb\":{\"@id\":\"https:\\\/\\\/lukasboehm.de\\\/produkt\\\/poster\\\/#breadcrumb\"},\"inLanguage\":\"en-GB\",\"potentialAction\":[{\"@type\":\"ReadAction\",\"target\":[\"https:\\\/\\\/lukasboehm.de\\\/produkt\\\/poster\\\/\"]}]},{\"@type\":\"ImageObject\",\"inLanguage\":\"en-GB\",\"@id\":\"https:\\\/\\\/lukasboehm.de\\\/produkt\\\/poster\\\/#primaryimage\",\"url\":\"https:\\\/\\\/lukasboehm.de\\\/wp-content\\\/uploads\\\/2022\\\/02\\\/enhanced-matte-paper-poster-cm-70x100-cm-front-61fd117808c33.jpg\",\"contentUrl\":\"https:\\\/\\\/lukasboehm.de\\\/wp-content\\\/uploads\\\/2022\\\/02\\\/enhanced-matte-paper-poster-cm-70x100-cm-front-61fd117808c33.jpg\",\"width\":1000,\"height\":1000},{\"@type\":\"BreadcrumbList\",\"@id\":\"https:\\\/\\\/lukasboehm.de\\\/produkt\\\/poster\\\/#breadcrumb\",\"itemListElement\":[{\"@type\":\"ListItem\",\"position\":1,\"name\":\"Startseite\",\"item\":\"https:\\\/\\\/lukasboehm.de\\\/\"},{\"@type\":\"ListItem\",\"position\":2,\"name\":\"Shop\",\"item\":\"https:\\\/\\\/lukasboehm.de\\\/shop\\\/\"},{\"@type\":\"ListItem\",\"position\":3,\"name\":\"Poster HipHop matt\"}]},{\"@type\":\"WebSite\",\"@id\":\"https:\\\/\\\/lukasboehm.de\\\/#website\",\"url\":\"https:\\\/\\\/lukasboehm.de\\\/\",\"name\":\"Lukas B\u00f6hm\",\"description\":\"Fine Art\",\"publisher\":{\"@id\":\"https:\\\/\\\/lukasboehm.de\\\/#\\\/schema\\\/person\\\/249f1dfe921297f82fe6f0f42c777fe1\"},\"potentialAction\":[{\"@type\":\"SearchAction\",\"target\":{\"@type\":\"EntryPoint\",\"urlTemplate\":\"https:\\\/\\\/lukasboehm.de\\\/?s={search_term_string}\"},\"query-input\":{\"@type\":\"PropertyValueSpecification\",\"valueRequired\":true,\"valueName\":\"search_term_string\"}}],\"inLanguage\":\"en-GB\"},{\"@type\":[\"Person\",\"Organization\"],\"@id\":\"https:\\\/\\\/lukasboehm.de\\\/#\\\/schema\\\/person\\\/249f1dfe921297f82fe6f0f42c777fe1\",\"name\":\"lukas\",\"image\":{\"@type\":\"ImageObject\",\"inLanguage\":\"en-GB\",\"@id\":\"https:\\\/\\\/lukasboehm.de\\\/wp-content\\\/uploads\\\/2023\\\/04\\\/logoLukas.jpg\",\"url\":\"https:\\\/\\\/lukasboehm.de\\\/wp-content\\\/uploads\\\/2023\\\/04\\\/logoLukas.jpg\",\"contentUrl\":\"https:\\\/\\\/lukasboehm.de\\\/wp-content\\\/uploads\\\/2023\\\/04\\\/logoLukas.jpg\",\"width\":800,\"height\":800,\"caption\":\"lukas\"},\"logo\":{\"@id\":\"https:\\\/\\\/lukasboehm.de\\\/wp-content\\\/uploads\\\/2023\\\/04\\\/logoLukas.jpg\"},\"sameAs\":[\"http:\\\/\\\/lukasboehm.de\"]}]}<\/script>\n<!-- \/ Yoast SEO plugin. -->","yoast_head_json":{"title":"Poster HipHop matt - Lukas B\u00f6hm","robots":{"index":"index","follow":"follow","max-snippet":"max-snippet:-1","max-image-preview":"max-image-preview:large","max-video-preview":"max-video-preview:-1"},"canonical":"https:\/\/lukasboehm.de\/en\/product\/poster\/","og_locale":"en_GB","og_type":"article","og_title":"Poster HipHop matt - Lukas B\u00f6hm","og_description":"Spread the word.","og_url":"https:\/\/lukasboehm.de\/en\/product\/poster\/","og_site_name":"Lukas B\u00f6hm","article_modified_time":"2022-02-08T13:12:31+00:00","og_image":[{"width":1000,"height":1000,"url":"https:\/\/lukasboehm.de\/wp-content\/uploads\/2022\/02\/enhanced-matte-paper-poster-cm-70x100-cm-front-61fd117808c33.jpg","type":"image\/jpeg"}],"twitter_card":"summary_large_image","schema":{"@context":"https:\/\/schema.org","@graph":[{"@type":"WebPage","@id":"https:\/\/lukasboehm.de\/produkt\/poster\/","url":"https:\/\/lukasboehm.de\/produkt\/poster\/","name":"Poster HipHop matt - Lukas B\u00f6hm","isPartOf":{"@id":"https:\/\/lukasboehm.de\/#website"},"primaryImageOfPage":{"@id":"https:\/\/lukasboehm.de\/produkt\/poster\/#primaryimage"},"image":{"@id":"https:\/\/lukasboehm.de\/produkt\/poster\/#primaryimage"},"thumbnailUrl":"https:\/\/lukasboehm.de\/wp-content\/uploads\/2022\/02\/enhanced-matte-paper-poster-cm-70x100-cm-front-61fd117808c33.jpg","datePublished":"2022-02-04T11:44:00+00:00","dateModified":"2022-02-08T13:12:31+00:00","breadcrumb":{"@id":"https:\/\/lukasboehm.de\/produkt\/poster\/#breadcrumb"},"inLanguage":"en-GB","potentialAction":[{"@type":"ReadAction","target":["https:\/\/lukasboehm.de\/produkt\/poster\/"]}]},{"@type":"ImageObject","inLanguage":"en-GB","@id":"https:\/\/lukasboehm.de\/produkt\/poster\/#primaryimage","url":"https:\/\/lukasboehm.de\/wp-content\/uploads\/2022\/02\/enhanced-matte-paper-poster-cm-70x100-cm-front-61fd117808c33.jpg","contentUrl":"https:\/\/lukasboehm.de\/wp-content\/uploads\/2022\/02\/enhanced-matte-paper-poster-cm-70x100-cm-front-61fd117808c33.jpg","width":1000,"height":1000},{"@type":"BreadcrumbList","@id":"https:\/\/lukasboehm.de\/produkt\/poster\/#breadcrumb","itemListElement":[{"@type":"ListItem","position":1,"name":"Startseite","item":"https:\/\/lukasboehm.de\/"},{"@type":"ListItem","position":2,"name":"Shop","item":"https:\/\/lukasboehm.de\/shop\/"},{"@type":"ListItem","position":3,"name":"Poster HipHop matt"}]},{"@type":"WebSite","@id":"https:\/\/lukasboehm.de\/#website","url":"https:\/\/lukasboehm.de\/","name":"Lukas B\u00f6hm","description":"Fine Art","publisher":{"@id":"https:\/\/lukasboehm.de\/#\/schema\/person\/249f1dfe921297f82fe6f0f42c777fe1"},"potentialAction":[{"@type":"SearchAction","target":{"@type":"EntryPoint","urlTemplate":"https:\/\/lukasboehm.de\/?s={search_term_string}"},"query-input":{"@type":"PropertyValueSpecification","valueRequired":true,"valueName":"search_term_string"}}],"inLanguage":"en-GB"},{"@type":["Person","Organization"],"@id":"https:\/\/lukasboehm.de\/#\/schema\/person\/249f1dfe921297f82fe6f0f42c777fe1","name":"lukas","image":{"@type":"ImageObject","inLanguage":"en-GB","@id":"https:\/\/lukasboehm.de\/wp-content\/uploads\/2023\/04\/logoLukas.jpg","url":"https:\/\/lukasboehm.de\/wp-content\/uploads\/2023\/04\/logoLukas.jpg","contentUrl":"https:\/\/lukasboehm.de\/wp-content\/uploads\/2023\/04\/logoLukas.jpg","width":800,"height":800,"caption":"lukas"},"logo":{"@id":"https:\/\/lukasboehm.de\/wp-content\/uploads\/2023\/04\/logoLukas.jpg"},"sameAs":["http:\/\/lukasboehm.de"]}]}},"_links":{"self":[{"href":"https:\/\/lukasboehm.de\/en\/wp-json\/wp\/v2\/product\/1159","targetHints":{"allow":["GET"]}}],"collection":[{"href":"https:\/\/lukasboehm.de\/en\/wp-json\/wp\/v2\/product"}],"about":[{"href":"https:\/\/lukasboehm.de\/en\/wp-json\/wp\/v2\/types\/product"}],"wp:featuredmedia":[{"embeddable":true,"href":"https:\/\/lukasboehm.de\/en\/wp-json\/wp\/v2\/media\/1169"}],"wp:attachment":[{"href":"https:\/\/lukasboehm.de\/en\/wp-json\/wp\/v2\/media?parent=1159"}],"wp:term":[{"taxonomy":"product_brand","embeddable":true,"href":"https:\/\/lukasboehm.de\/en\/wp-json\/wp\/v2\/product_brand?post=1159"},{"taxonomy":"product_cat","embeddable":true,"href":"https:\/\/lukasboehm.de\/en\/wp-json\/wp\/v2\/product_cat?post=1159"},{"taxonomy":"product_tag","embeddable":true,"href":"https:\/\/lukasboehm.de\/en\/wp-json\/wp\/v2\/product_tag?post=1159"}],"curies":[{"name":"wp","href":"https:\/\/api.w.org\/{rel}","templated":true}]}}