{"id":1540,"date":"2022-02-15T13:47:05","date_gmt":"2022-02-15T12:47:05","guid":{"rendered":"https:\/\/lukasboehm.de\/produkt\/galeriedruck-sisyphus-pictures-36\/"},"modified":"2022-02-15T13:47:05","modified_gmt":"2022-02-15T12:47:05","slug":"galeriedruck-sisyphus-pictures-36","status":"publish","type":"product","link":"https:\/\/lukasboehm.de\/en\/product\/galeriedruck-sisyphus-pictures-36\/","title":{"rendered":"Galeriedruck Sisyphus Pictures 36"},"content":{"rendered":"","protected":false},"excerpt":{"rendered":"<p>Druck auf Fuji Crystal Archive Papier, gl\u00e4nzende Oberfl\u00e4che.<\/p>\n<p>100x70cm<\/p>","protected":false},"featured_media":1280,"template":"","meta":{"_acf_changed":false,"_price":"100","_stock":null,"_tribe_ticket_header":"","_tribe_default_ticket_provider":"","_tribe_ticket_capacity":"0","_ticket_start_date":"","_ticket_end_date":"","_tribe_ticket_show_description":"","_tribe_ticket_show_not_going":false,"_tribe_ticket_use_global_stock":"","_tribe_ticket_global_stock_level":"","_global_stock_mode":"","_global_stock_cap":"","_tribe_rsvp_for_event":"","_tribe_ticket_going_count":"","_tribe_ticket_not_going_count":"","_tribe_tickets_list":"[]","_tribe_ticket_has_attendee_info_fields":false},"product_brand":[],"product_cat":[47,35,48],"product_tag":[],"class_list":{"0":"post-1540","1":"product","2":"type-product","3":"status-publish","4":"has-post-thumbnail","6":"product_cat-glaenzend","7":"product_cat-kunstdrucke","8":"product_cat-sisyphus-pictures","10":"first","11":"instock","12":"shipping-taxable","13":"purchasable","14":"product-type-simple"},"acf":[],"yoast_head":"<!-- This site is optimized with the Yoast SEO plugin v27.3 - https:\/\/yoast.com\/product\/yoast-seo-wordpress\/ -->\n<title>Galeriedruck Sisyphus Pictures 36 - Lukas B\u00f6hm<\/title>\n<meta name=\"robots\" content=\"index, follow, max-snippet:-1, max-image-preview:large, max-video-preview:-1\" \/>\n<link rel=\"canonical\" href=\"https:\/\/lukasboehm.de\/en\/product\/galeriedruck-sisyphus-pictures-36\/\" \/>\n<meta property=\"og:locale\" content=\"en_GB\" \/>\n<meta property=\"og:type\" content=\"article\" \/>\n<meta property=\"og:title\" content=\"Galeriedruck Sisyphus Pictures 36 - Lukas B\u00f6hm\" \/>\n<meta property=\"og:description\" content=\"Druck auf Fuji Crystal Archive Papier, gl\u00e4nzende Oberfl\u00e4che.  100x70cm\" \/>\n<meta property=\"og:url\" content=\"https:\/\/lukasboehm.de\/en\/product\/galeriedruck-sisyphus-pictures-36\/\" \/>\n<meta property=\"og:site_name\" content=\"Lukas B\u00f6hm\" \/>\n<meta property=\"og:image\" content=\"https:\/\/lukasboehm.de\/wp-content\/uploads\/2022\/02\/Sisyphus-Pictures-36-of-40.jpeg\" \/>\n\t<meta property=\"og:image:width\" content=\"2000\" \/>\n\t<meta property=\"og:image:height\" content=\"1541\" \/>\n\t<meta property=\"og:image:type\" content=\"image\/jpeg\" \/>\n<meta name=\"twitter:card\" content=\"summary_large_image\" \/>\n<script type=\"application\/ld+json\" class=\"yoast-schema-graph\">{\"@context\":\"https:\\\/\\\/schema.org\",\"@graph\":[{\"@type\":\"WebPage\",\"@id\":\"https:\\\/\\\/lukasboehm.de\\\/en\\\/product\\\/galeriedruck-sisyphus-pictures-36\\\/\",\"url\":\"https:\\\/\\\/lukasboehm.de\\\/en\\\/product\\\/galeriedruck-sisyphus-pictures-36\\\/\",\"name\":\"Galeriedruck Sisyphus Pictures 36 - Lukas B\u00f6hm\",\"isPartOf\":{\"@id\":\"https:\\\/\\\/lukasboehm.de\\\/#website\"},\"primaryImageOfPage\":{\"@id\":\"https:\\\/\\\/lukasboehm.de\\\/en\\\/product\\\/galeriedruck-sisyphus-pictures-36\\\/#primaryimage\"},\"image\":{\"@id\":\"https:\\\/\\\/lukasboehm.de\\\/en\\\/product\\\/galeriedruck-sisyphus-pictures-36\\\/#primaryimage\"},\"thumbnailUrl\":\"https:\\\/\\\/lukasboehm.de\\\/wp-content\\\/uploads\\\/2022\\\/02\\\/Sisyphus-Pictures-36-of-40.jpeg\",\"datePublished\":\"2022-02-15T12:47:05+00:00\",\"breadcrumb\":{\"@id\":\"https:\\\/\\\/lukasboehm.de\\\/en\\\/product\\\/galeriedruck-sisyphus-pictures-36\\\/#breadcrumb\"},\"inLanguage\":\"en-GB\",\"potentialAction\":[{\"@type\":\"ReadAction\",\"target\":[\"https:\\\/\\\/lukasboehm.de\\\/en\\\/product\\\/galeriedruck-sisyphus-pictures-36\\\/\"]}]},{\"@type\":\"ImageObject\",\"inLanguage\":\"en-GB\",\"@id\":\"https:\\\/\\\/lukasboehm.de\\\/en\\\/product\\\/galeriedruck-sisyphus-pictures-36\\\/#primaryimage\",\"url\":\"https:\\\/\\\/lukasboehm.de\\\/wp-content\\\/uploads\\\/2022\\\/02\\\/Sisyphus-Pictures-36-of-40.jpeg\",\"contentUrl\":\"https:\\\/\\\/lukasboehm.de\\\/wp-content\\\/uploads\\\/2022\\\/02\\\/Sisyphus-Pictures-36-of-40.jpeg\",\"width\":2000,\"height\":1541},{\"@type\":\"BreadcrumbList\",\"@id\":\"https:\\\/\\\/lukasboehm.de\\\/en\\\/product\\\/galeriedruck-sisyphus-pictures-36\\\/#breadcrumb\",\"itemListElement\":[{\"@type\":\"ListItem\",\"position\":1,\"name\":\"Startseite\",\"item\":\"https:\\\/\\\/lukasboehm.de\\\/\"},{\"@type\":\"ListItem\",\"position\":2,\"name\":\"Shop\",\"item\":\"https:\\\/\\\/lukasboehm.de\\\/shop\\\/\"},{\"@type\":\"ListItem\",\"position\":3,\"name\":\"Galeriedruck Sisyphus Pictures 36\"}]},{\"@type\":\"WebSite\",\"@id\":\"https:\\\/\\\/lukasboehm.de\\\/#website\",\"url\":\"https:\\\/\\\/lukasboehm.de\\\/\",\"name\":\"Lukas B\u00f6hm\",\"description\":\"Fine Art\",\"publisher\":{\"@id\":\"https:\\\/\\\/lukasboehm.de\\\/#\\\/schema\\\/person\\\/249f1dfe921297f82fe6f0f42c777fe1\"},\"potentialAction\":[{\"@type\":\"SearchAction\",\"target\":{\"@type\":\"EntryPoint\",\"urlTemplate\":\"https:\\\/\\\/lukasboehm.de\\\/?s={search_term_string}\"},\"query-input\":{\"@type\":\"PropertyValueSpecification\",\"valueRequired\":true,\"valueName\":\"search_term_string\"}}],\"inLanguage\":\"en-GB\"},{\"@type\":[\"Person\",\"Organization\"],\"@id\":\"https:\\\/\\\/lukasboehm.de\\\/#\\\/schema\\\/person\\\/249f1dfe921297f82fe6f0f42c777fe1\",\"name\":\"lukas\",\"image\":{\"@type\":\"ImageObject\",\"inLanguage\":\"en-GB\",\"@id\":\"https:\\\/\\\/lukasboehm.de\\\/wp-content\\\/uploads\\\/2023\\\/04\\\/logoLukas.jpg\",\"url\":\"https:\\\/\\\/lukasboehm.de\\\/wp-content\\\/uploads\\\/2023\\\/04\\\/logoLukas.jpg\",\"contentUrl\":\"https:\\\/\\\/lukasboehm.de\\\/wp-content\\\/uploads\\\/2023\\\/04\\\/logoLukas.jpg\",\"width\":800,\"height\":800,\"caption\":\"lukas\"},\"logo\":{\"@id\":\"https:\\\/\\\/lukasboehm.de\\\/wp-content\\\/uploads\\\/2023\\\/04\\\/logoLukas.jpg\"},\"sameAs\":[\"http:\\\/\\\/lukasboehm.de\"]}]}<\/script>\n<!-- \/ Yoast SEO plugin. -->","yoast_head_json":{"title":"Galeriedruck Sisyphus Pictures 36 - Lukas B\u00f6hm","robots":{"index":"index","follow":"follow","max-snippet":"max-snippet:-1","max-image-preview":"max-image-preview:large","max-video-preview":"max-video-preview:-1"},"canonical":"https:\/\/lukasboehm.de\/en\/product\/galeriedruck-sisyphus-pictures-36\/","og_locale":"en_GB","og_type":"article","og_title":"Galeriedruck Sisyphus Pictures 36 - Lukas B\u00f6hm","og_description":"Druck auf Fuji Crystal Archive Papier, gl\u00e4nzende Oberfl\u00e4che.  100x70cm","og_url":"https:\/\/lukasboehm.de\/en\/product\/galeriedruck-sisyphus-pictures-36\/","og_site_name":"Lukas B\u00f6hm","og_image":[{"width":2000,"height":1541,"url":"https:\/\/lukasboehm.de\/wp-content\/uploads\/2022\/02\/Sisyphus-Pictures-36-of-40.jpeg","type":"image\/jpeg"}],"twitter_card":"summary_large_image","schema":{"@context":"https:\/\/schema.org","@graph":[{"@type":"WebPage","@id":"https:\/\/lukasboehm.de\/en\/product\/galeriedruck-sisyphus-pictures-36\/","url":"https:\/\/lukasboehm.de\/en\/product\/galeriedruck-sisyphus-pictures-36\/","name":"Galeriedruck Sisyphus Pictures 36 - Lukas B\u00f6hm","isPartOf":{"@id":"https:\/\/lukasboehm.de\/#website"},"primaryImageOfPage":{"@id":"https:\/\/lukasboehm.de\/en\/product\/galeriedruck-sisyphus-pictures-36\/#primaryimage"},"image":{"@id":"https:\/\/lukasboehm.de\/en\/product\/galeriedruck-sisyphus-pictures-36\/#primaryimage"},"thumbnailUrl":"https:\/\/lukasboehm.de\/wp-content\/uploads\/2022\/02\/Sisyphus-Pictures-36-of-40.jpeg","datePublished":"2022-02-15T12:47:05+00:00","breadcrumb":{"@id":"https:\/\/lukasboehm.de\/en\/product\/galeriedruck-sisyphus-pictures-36\/#breadcrumb"},"inLanguage":"en-GB","potentialAction":[{"@type":"ReadAction","target":["https:\/\/lukasboehm.de\/en\/product\/galeriedruck-sisyphus-pictures-36\/"]}]},{"@type":"ImageObject","inLanguage":"en-GB","@id":"https:\/\/lukasboehm.de\/en\/product\/galeriedruck-sisyphus-pictures-36\/#primaryimage","url":"https:\/\/lukasboehm.de\/wp-content\/uploads\/2022\/02\/Sisyphus-Pictures-36-of-40.jpeg","contentUrl":"https:\/\/lukasboehm.de\/wp-content\/uploads\/2022\/02\/Sisyphus-Pictures-36-of-40.jpeg","width":2000,"height":1541},{"@type":"BreadcrumbList","@id":"https:\/\/lukasboehm.de\/en\/product\/galeriedruck-sisyphus-pictures-36\/#breadcrumb","itemListElement":[{"@type":"ListItem","position":1,"name":"Startseite","item":"https:\/\/lukasboehm.de\/"},{"@type":"ListItem","position":2,"name":"Shop","item":"https:\/\/lukasboehm.de\/shop\/"},{"@type":"ListItem","position":3,"name":"Galeriedruck Sisyphus Pictures 36"}]},{"@type":"WebSite","@id":"https:\/\/lukasboehm.de\/#website","url":"https:\/\/lukasboehm.de\/","name":"Lukas B\u00f6hm","description":"Fine Art","publisher":{"@id":"https:\/\/lukasboehm.de\/#\/schema\/person\/249f1dfe921297f82fe6f0f42c777fe1"},"potentialAction":[{"@type":"SearchAction","target":{"@type":"EntryPoint","urlTemplate":"https:\/\/lukasboehm.de\/?s={search_term_string}"},"query-input":{"@type":"PropertyValueSpecification","valueRequired":true,"valueName":"search_term_string"}}],"inLanguage":"en-GB"},{"@type":["Person","Organization"],"@id":"https:\/\/lukasboehm.de\/#\/schema\/person\/249f1dfe921297f82fe6f0f42c777fe1","name":"lukas","image":{"@type":"ImageObject","inLanguage":"en-GB","@id":"https:\/\/lukasboehm.de\/wp-content\/uploads\/2023\/04\/logoLukas.jpg","url":"https:\/\/lukasboehm.de\/wp-content\/uploads\/2023\/04\/logoLukas.jpg","contentUrl":"https:\/\/lukasboehm.de\/wp-content\/uploads\/2023\/04\/logoLukas.jpg","width":800,"height":800,"caption":"lukas"},"logo":{"@id":"https:\/\/lukasboehm.de\/wp-content\/uploads\/2023\/04\/logoLukas.jpg"},"sameAs":["http:\/\/lukasboehm.de"]}]}},"_links":{"self":[{"href":"https:\/\/lukasboehm.de\/en\/wp-json\/wp\/v2\/product\/1540","targetHints":{"allow":["GET"]}}],"collection":[{"href":"https:\/\/lukasboehm.de\/en\/wp-json\/wp\/v2\/product"}],"about":[{"href":"https:\/\/lukasboehm.de\/en\/wp-json\/wp\/v2\/types\/product"}],"wp:featuredmedia":[{"embeddable":true,"href":"https:\/\/lukasboehm.de\/en\/wp-json\/wp\/v2\/media\/1280"}],"wp:attachment":[{"href":"https:\/\/lukasboehm.de\/en\/wp-json\/wp\/v2\/media?parent=1540"}],"wp:term":[{"taxonomy":"product_brand","embeddable":true,"href":"https:\/\/lukasboehm.de\/en\/wp-json\/wp\/v2\/product_brand?post=1540"},{"taxonomy":"product_cat","embeddable":true,"href":"https:\/\/lukasboehm.de\/en\/wp-json\/wp\/v2\/product_cat?post=1540"},{"taxonomy":"product_tag","embeddable":true,"href":"https:\/\/lukasboehm.de\/en\/wp-json\/wp\/v2\/product_tag?post=1540"}],"curies":[{"name":"wp","href":"https:\/\/api.w.org\/{rel}","templated":true}]}}